{"id":518,"date":"2025-03-04T18:59:15","date_gmt":"2025-03-04T17:59:15","guid":{"rendered":"https:\/\/portoghese.uniroma3.it\/catedrasaramago\/?page_id=518"},"modified":"2025-03-05T09:44:34","modified_gmt":"2025-03-05T08:44:34","slug":"home-presentazione","status":"publish","type":"page","link":"https:\/\/portoghese.uniroma3.it\/catedrasaramago\/","title":{"rendered":"Home"},"content":{"rendered":"\t\t<div data-elementor-type=\"wp-page\" data-elementor-id=\"518\" class=\"elementor elementor-518\">\n\t\t\t\t\t\t<section class=\"elementor-section elementor-top-section elementor-element elementor-element-39ccc12 elementor-section-boxed elementor-section-height-default elementor-section-height-default\" data-id=\"39ccc12\" data-element_type=\"section\" data-e-type=\"section\">\n\t\t\t\t\t\t<div class=\"elementor-container elementor-column-gap-default\">\n\t\t\t\t\t<div class=\"elementor-column elementor-col-100 elementor-top-column elementor-element elementor-element-4abc516\" data-id=\"4abc516\" data-element_type=\"column\" data-e-type=\"column\">\n\t\t\t<div class=\"elementor-widget-wrap elementor-element-populated\">\n\t\t\t\t\t\t<div class=\"elementor-element elementor-element-84773f4 elementor-widget elementor-widget-image\" data-id=\"84773f4\" data-element_type=\"widget\" data-e-type=\"widget\" data-widget_type=\"image.default\">\n\t\t\t\t<div class=\"elementor-widget-container\">\n\t\t\t\t\t\t\t\t\t\t\t\t\t\t\t<img fetchpriority=\"high\" decoding=\"async\" width=\"1010\" height=\"326\" src=\"https:\/\/portoghese.uniroma3.it\/catedrasaramago\/wp-content\/uploads\/sites\/2\/2021\/01\/cropped-saramago-ritratto-bianco-e-nero.jpg\" class=\"attachment-large size-large wp-image-5\" alt=\"\" srcset=\"https:\/\/portoghese.uniroma3.it\/catedrasaramago\/wp-content\/uploads\/sites\/2\/2021\/01\/cropped-saramago-ritratto-bianco-e-nero.jpg 1010w, https:\/\/portoghese.uniroma3.it\/catedrasaramago\/wp-content\/uploads\/sites\/2\/2021\/01\/cropped-saramago-ritratto-bianco-e-nero-300x97.jpg 300w, https:\/\/portoghese.uniroma3.it\/catedrasaramago\/wp-content\/uploads\/sites\/2\/2021\/01\/cropped-saramago-ritratto-bianco-e-nero-768x248.jpg 768w\" sizes=\"(max-width: 1010px) 100vw, 1010px\" \/>\t\t\t\t\t\t\t\t\t\t\t\t\t\t\t<\/div>\n\t\t\t\t<\/div>\n\t\t\t\t\t<\/div>\n\t\t<\/div>\n\t\t\t\t\t<\/div>\n\t\t<\/section>\n\t\t\t\t<section class=\"elementor-section elementor-top-section elementor-element elementor-element-3abce80 elementor-section-boxed elementor-section-height-default elementor-section-height-default\" data-id=\"3abce80\" data-element_type=\"section\" data-e-type=\"section\">\n\t\t\t\t\t\t<div class=\"elementor-container elementor-column-gap-default\">\n\t\t\t\t\t<div class=\"elementor-column elementor-col-100 elementor-top-column elementor-element elementor-element-2e171cf\" data-id=\"2e171cf\" data-element_type=\"column\" data-e-type=\"column\">\n\t\t\t<div class=\"elementor-widget-wrap elementor-element-populated\">\n\t\t\t\t\t\t<div class=\"elementor-element elementor-element-e078fd4 elementor-widget elementor-widget-heading\" data-id=\"e078fd4\" data-element_type=\"widget\" data-e-type=\"widget\" data-widget_type=\"heading.default\">\n\t\t\t\t<div class=\"elementor-widget-container\">\n\t\t\t\t\t<h2 class=\"elementor-heading-title elementor-size-default\">CATTEDRA \"JOS\u00c9 SARAMAGO\"<\/h2>\t\t\t\t<\/div>\n\t\t\t\t<\/div>\n\t\t\t\t\t<\/div>\n\t\t<\/div>\n\t\t\t\t\t<\/div>\n\t\t<\/section>\n\t\t\t\t<section class=\"elementor-section elementor-top-section elementor-element elementor-element-15edd69 elementor-section-boxed elementor-section-height-default elementor-section-height-default\" data-id=\"15edd69\" data-element_type=\"section\" data-e-type=\"section\">\n\t\t\t\t\t\t<div class=\"elementor-container elementor-column-gap-default\">\n\t\t\t\t\t<div class=\"elementor-column elementor-col-100 elementor-top-column elementor-element elementor-element-803ea18\" data-id=\"803ea18\" data-element_type=\"column\" data-e-type=\"column\">\n\t\t\t<div class=\"elementor-widget-wrap elementor-element-populated\">\n\t\t\t\t\t\t<div class=\"elementor-element elementor-element-b547345 elementor-widget elementor-widget-text-editor\" data-id=\"b547345\" data-element_type=\"widget\" data-e-type=\"widget\" data-widget_type=\"text-editor.default\">\n\t\t\t\t<div class=\"elementor-widget-container\">\n\t\t\t\t\t\t\t\t\t<p><b>Fondata nel 2003 dalla Professoressa Giulia Lanciani, la Cattedra Cam\u00f5es, I.P. \u201cJos\u00e9 Saramago\u201d attesta il vincolo privilegiato tra lo scrittore portoghese e l\u2019Universit\u00e0 Roma Tre, che due anni prima dell\u2019istituzione della cattedra aveva conferito all\u2019autore di Memoriale del Convento la laurea honoris causa.<\/b><\/p>\n<p><b>La Cattedra \u201cJos\u00e9 Saramago\u201d \u00e8 oggi diretta dal Prof. Giorgio de Marchis ed \u00e8 parte integrante del Dipartimento di Lingue, Letterature e Culture Straniere dell&#8217;Universit\u00e0 Roma Tre.<\/b><\/p>\n<p><\/p>\n<p><b>Tutti i membri della Cattedra Cam\u00f5es, I.P. \u201cJos\u00e9 Saramago\u201d contribuiscono alla realizzazione di un\u2019intensa attivit\u00e0 didattica e scientifica che, anche attraverso la collaborazione con istituzioni italiane e internazionali, promuove lo studio della lingua portoghese e delle culture lusofone. In tal senso, oltre ai corsi regolarmente offerti nell\u2019ambito dei tre cicli di formazione universitari, la Cattedra organizza convegni, conferenze, seminari, supportando inoltre una diversificata attivit\u00e0 editoriale. Tra le iniziative annualmente promosse dalla Cattedra, si segnalano il Giorno della Lingua Portoghese (5 maggio) e il Dia Saramago (10 dicembre).<\/b><\/p>\t\t\t\t\t\t\t\t<\/div>\n\t\t\t\t<\/div>\n\t\t\t\t\t<\/div>\n\t\t<\/div>\n\t\t\t\t\t<\/div>\n\t\t<\/section>\n\t\t\t\t<\/div>\n\t\t","protected":false},"excerpt":{"rendered":"<p>CATTEDRA &#8220;JOS\u00c9 SARAMAGO&#8221; Fondata nel 2003 dalla Professoressa Giulia Lanciani, la Cattedra Cam\u00f5es, I.P. \u201cJos\u00e9 Saramago\u201d attesta il vincolo privilegiato tra lo scrittore portoghese e l\u2019Universit\u00e0 Roma Tre, che due anni prima dell\u2019istituzione della cattedra aveva conferito all\u2019autore di Memoriale del Convento la laurea honoris causa. La Cattedra \u201cJos\u00e9 Saramago\u201d \u00e8 oggi diretta dal Prof.&nbsp;&#8230;<\/p>\n","protected":false},"author":4,"featured_media":0,"parent":0,"menu_order":0,"comment_status":"closed","ping_status":"closed","template":"","meta":{"footnotes":""},"class_list":["post-518","page","type-page","status-publish","hentry"],"_links":{"self":[{"href":"https:\/\/portoghese.uniroma3.it\/catedrasaramago\/wp-json\/wp\/v2\/pages\/518","targetHints":{"allow":["GET"]}}],"collection":[{"href":"https:\/\/portoghese.uniroma3.it\/catedrasaramago\/wp-json\/wp\/v2\/pages"}],"about":[{"href":"https:\/\/portoghese.uniroma3.it\/catedrasaramago\/wp-json\/wp\/v2\/types\/page"}],"author":[{"embeddable":true,"href":"https:\/\/portoghese.uniroma3.it\/catedrasaramago\/wp-json\/wp\/v2\/users\/4"}],"replies":[{"embeddable":true,"href":"https:\/\/portoghese.uniroma3.it\/catedrasaramago\/wp-json\/wp\/v2\/comments?post=518"}],"version-history":[{"count":20,"href":"https:\/\/portoghese.uniroma3.it\/catedrasaramago\/wp-json\/wp\/v2\/pages\/518\/revisions"}],"predecessor-version":[{"id":638,"href":"https:\/\/portoghese.uniroma3.it\/catedrasaramago\/wp-json\/wp\/v2\/pages\/518\/revisions\/638"}],"wp:attachment":[{"href":"https:\/\/portoghese.uniroma3.it\/catedrasaramago\/wp-json\/wp\/v2\/media?parent=518"}],"curies":[{"name":"wp","href":"https:\/\/api.w.org\/{rel}","templated":true}]}}