{"id":67,"date":"2021-02-10T12:12:39","date_gmt":"2021-02-10T11:12:39","guid":{"rendered":"https:\/\/portoghese.uniroma3.it\/catedrasaramago\/?page_id=67"},"modified":"2025-03-05T10:38:31","modified_gmt":"2025-03-05T09:38:31","slug":"eventi","status":"publish","type":"page","link":"https:\/\/portoghese.uniroma3.it\/clplanciani\/attivita\/eventi\/","title":{"rendered":"Eventi passati"},"content":{"rendered":"\/*! elementor &#8211; v3.20.0 &#8211; 10-04-2024 *\/\n.elementor-widget-image{text-align:center}.elementor-widget-image a{display:inline-block}.elementor-widget-image a img[src$=&#8221;.svg&#8221;]{width:48px}.elementor-widget-image img{vertical-align:middle;display:inline-block}\t\t\t\t\t\t\t\t\t\t<img loading=\"lazy\" decoding=\"async\" width=\"1024\" height=\"1024\" src=\"https:\/\/portoghese.uniroma3.it\/clplanciani\/wp-content\/uploads\/sites\/4\/2024\/03\/DMLP1-1024x1024.jpg\" alt=\"Dia Mundial da L\u00edngua Portuguesa 2024\" \/>\t\t\t\t\t\t\t\t\t\t\t\t\t\n\t\t\t\/*! elementor &#8211; v3.20.0 &#8211; 10-04-2024 *\/\n.elementor-heading-title{padding:0;margin:0;line-height:1}.elementor-widget-heading .elementor-heading-title[class*=elementor-size-]&gt;a{color:inherit;font-size:inherit;line-height:inherit}.elementor-widget-heading .elementor-heading-title.elementor-size-small{font-size:15px}.elementor-widget-heading .elementor-heading-title.elementor-size-medium{font-size:19px}.elementor-widget-heading .elementor-heading-title.elementor-size-large{font-size:29px}.elementor-widget-heading .elementor-heading-title.elementor-size-xl{font-size:39px}.elementor-widget-heading .elementor-heading-title.elementor-size-xxl{font-size:59px}<h2>Dia Mundial da L\u00edngua Portuguesa 2024<\/h2>\t\t\n\t\t\t<h3>III Congresso Internacional<\/h3>\t\t\n\t\t<p style=\"text-align: center\"><strong>UNIVERSIT\u00c0 DEGLI STUDI ROMA TRE<br \/><\/strong>DIPARTIMENTO DI LINGUE, LETTERATURE E CULTURE STRANIERE<br \/>VIA DEL VALCO DI SAN PAOLO 19 &#8211; ROMA<\/p>\n<p style=\"text-align: center\"><strong>INSTITUTO GUIMAR\u00c3ES ROSA &#8211; ROMA<br \/><\/strong>EMBAIXADA DO BRASIL<br \/>PIAZZA NAVONA, 18 &#8211; ROMA<\/p>\n<p style=\"text-align: center\"><strong>Roma, 7-8 de maio de 2023<\/strong><\/p>\n<p style=\"text-align: center\"><strong>Comit\u00ea Organizador<\/strong><br \/>Gian Luigi De Rosa<br \/>Giorgio de Marchis<br \/>Luigia De Crescenzo<br \/>Mauro Cavalieri<br \/>Filipa Matos<\/p>\n<p style=\"text-align: center\"><strong>Equipe T\u00e9cnica<\/strong><br \/>Nara Yoko Aramaqui<br \/>Silvia Inserra<br \/>Vittoria Aurighi<\/p>\n<p style=\"text-align: center\">info: <a href=\"mailto:clp.camoes@uniroma3.it\">clp.camoes@uniroma3.it<\/a><br \/><a href=\"https:\/\/portoghese.uniroma3.it\/clplanciani\">https:\/\/portoghese.uniroma3.it\/clplanciani<\/a><\/p>\n<h3>7 de maio<\/h3>\n<p><strong>Dipartimento di Lingue, Letterature e Culture Straniere<\/strong><br \/>Sala Ignazio Ambrogio<br \/>Via del Valco di San Paolo, 19 &#8211; Roma<\/p>\n<p><b>10h30<br \/><\/b>Abertura<\/p>\n<p><b>10h45<br \/><\/b>Mesa Institucional<\/p>\n<ul>\n<li>Giorgio de Marchis, Direttore del Dipartimento di Lingue, Letterature e Culture Straniere<\/li>\n<li>Sara Bator\u00e9o Crespo, Ministra Conselheira Embaixada de Portugal<\/li>\n<\/ul>\n<p><b>11h &#8211; 11h45<br \/><\/b>Mesa de Abertura<br \/><i>Chair:<\/i> Gian Luigi De Rosa (Universit\u00e0 Roma Tre)<\/p>\n<ul>\n<li>Ana Maria Martins (Universidade de Lisboa)<br \/>Respostas polares, polaridade enf\u00e1tica e nega\u00e7\u00e3o metalingu\u00edstica<\/li>\n<\/ul>\n<p><b>11h45 &#8211; 12h30<\/b><\/p>\n<ul>\n<li>Jairo Nunes (Universidade de S\u00e3o Paulo)<br \/>Diferentes especifica\u00e7\u00f5es no sistema pronominal e sujeitos nulos no portugu\u00eas brasileiro e no portugu\u00eas europeu<\/li>\n<\/ul>\n<p><b>12h30-13h<br \/><\/b>Debate<\/p>\n<p><b>Almo\u00e7o<\/b><\/p>\n<p><b>15h &#8211; 16h<\/b><br \/><i>Chair:<\/i> Vanessa Ribeiro Castagna (Universit\u00e0 &#8220;Ca&#8217; Foscari&#8221; Venezia)<\/p>\n<ul>\n<li>Let\u00edcia Em\u00edlia Krieck (Universidade Federal de Santa Catarina)<br \/>Duplica\u00e7\u00e3o do sujeito no portugu\u00eas brasileiro e talian: uma an\u00e1lise comparativa.<\/li>\n<li>L\u00edgia Rospantini (Universit\u00e0 di Napoli &#8220;L&#8217;Orientale&#8221;)<br \/>Nominais nus: conservadorismo e inova\u00e7\u00e3o em portugu\u00eas<\/li>\n<li>Roberto Mulinacci (Universit\u00e0 di Bologna)<br \/>Equ\u00edvocos e mal-entendidos\u00a0sobre o pluricentrismo do portugu\u00eas<\/li>\n<\/ul>\n<p><b>16h &#8211; 16h20<br \/><\/b>Debate<\/p>\n<p><b>16h20 &#8211; 16h40<br \/><\/b>Coffee-break<\/p>\n<p><b>16h40 &#8211; 17h25<\/b><br \/><i>Chair:<\/i> Monica Lupetti<\/p>\n<ul>\n<li>Paulo Os\u00f3rio (Universidade da Beira Interior)<br \/>Para uma caracteriza\u00e7\u00e3o sint\u00e1tica do Portugu\u00eas de Angola: o caso particular da clitiza\u00e7\u00e3o<\/li>\n<\/ul>\n<p><b>17h25<br \/><\/b>Debate<\/p>\n<h3>8 de maio<\/h3>\n<p><strong>Instituto Guimar\u00e3es Rosa &#8211; Embaixada do Brasil<\/strong><br \/>Auditorium Glauber Rocha<br \/>Piazza Navona, 18 &#8211; Roma<\/p>\n<p><b>10h<br \/><\/b>Mesa Institucional<\/p>\n<p><b>10h15 &#8211; 11h<\/b><br \/><i>Chair:<\/i> Roberto Mulinacci\u00a0(Universit\u00e0 di Bologna)<\/p>\n<ul>\n<li>Sandra Quarezemin (Universidade Federal de Santa Catarina)<br \/>A posi\u00e7\u00e3o do sujeito duplo em Cartografia<\/li>\n<\/ul>\n<p><b>11h &#8211; 11h20<br \/><\/b>Debate<\/p>\n<p><b>11h20 &#8211; 12h20<\/b><br \/><i>Chair:<\/i> Francesco Morleo\u00a0(Universit\u00e0 di Napoli &#8220;L&#8217;Orientale&#8221;)<\/p>\n<ul>\n<li>Gian Luigi De Rosa (Universit\u00e0 Roma Tre)<br \/>Constru\u00e7\u00f5es de t\u00f3pico marcado\u00a0na fala acad\u00eamica brasileira web-mediated<\/li>\n<li>Silvia Inserra (Universit\u00e0 di Napoli &#8220;L&#8217;Orientale&#8221;)<br \/>A coloca\u00e7\u00e3o dos cl\u00edticos\u00a0na produ\u00e7\u00e3o acad\u00eamica do s\u00e9culo XVIII<\/li>\n<\/ul>\n<p><b>12h20 &#8211; 13h<\/b><br \/><i>Chair:<\/i> Carla Valeria de Souza Faria (Universit\u00e0 di Trieste)<\/p>\n<ul>\n<li>Monica Lupetti (Universit\u00e0 di Pisa)<br \/>O tratamento da sintaxe nas gram\u00e1ticas portuguesa e\u00a0brasileira (ao longo do s\u00e9culo XIX)<\/li>\n<li>Katia de Abreu Chulata (Universit\u00e0 &#8220;G.D&#8217;Annunzio&#8221;, Chieti-Pescara)<br \/>Uma leitura antropof\u00e1gica dos estudos lingu\u00edsticos\u00a0no Brasil do s\u00e9culo XXI<\/li>\n<\/ul>\n<p><b>13h<br \/><\/b>Debate<\/p>\t\t\n\t\t\t\/*! elementor &#8211; v3.20.0 &#8211; 10-04-2024 *\/\n.elementor-widget-divider{&#8211;divider-border-style:none;&#8211;divider-border-width:1px;&#8211;divider-color:#0c0d0e;&#8211;divider-icon-size:20px;&#8211;divider-element-spacing:10px;&#8211;divider-pattern-height:24px;&#8211;divider-pattern-size:20px;&#8211;divider-pattern-url:none;&#8211;divider-pattern-repeat:repeat-x}.elementor-widget-divider .elementor-divider{display:flex}.elementor-widget-divider .elementor-divider__text{font-size:15px;line-height:1;max-width:95%}.elementor-widget-divider .elementor-divider__element{margin:0 var(&#8211;divider-element-spacing);flex-shrink:0}.elementor-widget-divider .elementor-icon{font-size:var(&#8211;divider-icon-size)}.elementor-widget-divider .elementor-divider-separator{display:flex;margin:0;direction:ltr}.elementor-widget-divider&#8211;view-line_icon .elementor-divider-separator,.elementor-widget-divider&#8211;view-line_text .elementor-divider-separator{align-items:center}.elementor-widget-divider&#8211;view-line_icon .elementor-divider-separator:after,.elementor-widget-divider&#8211;view-line_icon .elementor-divider-separator:before,.elementor-widget-divider&#8211;view-line_text .elementor-divider-separator:after,.elementor-widget-divider&#8211;view-line_text .elementor-divider-separator:before{display:block;content:&#8221;&#8221;;border-block-end:0;flex-grow:1;border-block-start:var(&#8211;divider-border-width) var(&#8211;divider-border-style) var(&#8211;divider-color)}.elementor-widget-divider&#8211;element-align-left .elementor-divider .elementor-divider-separator&gt;.elementor-divider__svg:first-of-type{flex-grow:0;flex-shrink:100}.elementor-widget-divider&#8211;element-align-left .elementor-divider-separator:before{content:none}.elementor-widget-divider&#8211;element-align-left .elementor-divider__element{margin-left:0}.elementor-widget-divider&#8211;element-align-right .elementor-divider .elementor-divider-separator&gt;.elementor-divider__svg:last-of-type{flex-grow:0;flex-shrink:100}.elementor-widget-divider&#8211;element-align-right .elementor-divider-separator:after{content:none}.elementor-widget-divider&#8211;element-align-right .elementor-divider__element{margin-right:0}.elementor-widget-divider&#8211;element-align-start .elementor-divider .elementor-divider-separator&gt;.elementor-divider__svg:first-of-type{flex-grow:0;flex-shrink:100}.elementor-widget-divider&#8211;element-align-start .elementor-divider-separator:before{content:none}.elementor-widget-divider&#8211;element-align-start .elementor-divider__element{margin-inline-start:0}.elementor-widget-divider&#8211;element-align-end .elementor-divider .elementor-divider-separator&gt;.elementor-divider__svg:last-of-type{flex-grow:0;flex-shrink:100}.elementor-widget-divider&#8211;element-align-end .elementor-divider-separator:after{content:none}.elementor-widget-divider&#8211;element-align-end .elementor-divider__element{margin-inline-end:0}.elementor-widget-divider:not(.elementor-widget-divider&#8211;view-line_text):not(.elementor-widget-divider&#8211;view-line_icon) .elementor-divider-separator{border-block-start:var(&#8211;divider-border-width) var(&#8211;divider-border-style) var(&#8211;divider-color)}.elementor-widget-divider&#8211;separator-type-pattern{&#8211;divider-border-style:none}.elementor-widget-divider&#8211;separator-type-pattern.elementor-widget-divider&#8211;view-line .elementor-divider-separator,.elementor-widget-divider&#8211;separator-type-pattern:not(.elementor-widget-divider&#8211;view-line) .elementor-divider-separator:after,.elementor-widget-divider&#8211;separator-type-pattern:not(.elementor-widget-divider&#8211;view-line) .elementor-divider-separator:before,.elementor-widget-divider&#8211;separator-type-pattern:not([class*=elementor-widget-divider&#8211;view]) .elementor-divider-separator{width:100%;min-height:var(&#8211;divider-pattern-height);-webkit-mask-size:var(&#8211;divider-pattern-size) 100%;mask-size:var(&#8211;divider-pattern-size) 100%;-webkit-mask-repeat:var(&#8211;divider-pattern-repeat);mask-repeat:var(&#8211;divider-pattern-repeat);background-color:var(&#8211;divider-color);-webkit-mask-image:var(&#8211;divider-pattern-url);mask-image:var(&#8211;divider-pattern-url)}.elementor-widget-divider&#8211;no-spacing{&#8211;divider-pattern-size:auto}.elementor-widget-divider&#8211;bg-round{&#8211;divider-pattern-repeat:round}.rtl .elementor-widget-divider .elementor-divider__text{direction:rtl}.e-con-inner&gt;.elementor-widget-divider,.e-con&gt;.elementor-widget-divider{width:var(&#8211;container-widget-width,100%);&#8211;flex-grow:var(&#8211;container-widget-flex-grow)}\t\t\n\t\t<p><img loading=\"lazy\" decoding=\"async\" src=\"https:\/\/portoghese.uniroma3.it\/clplanciani\/wp-content\/uploads\/sites\/4\/2023\/04\/Imagem-do-WhatsApp-de-2023-04-05-as-15.27.07.jpg\" alt=\"\" width=\"1131\" height=\"1600\" \/><\/p>\n<h2>Dia Mundial da L\u00edngua Portuguesa 2023<\/h2>\n<h3>CONGRESSO INTERNACIONAL<\/h3>\n<p><strong>UNIVERSIT\u00c0 DEGLI STUDI ROMA TRE<br \/><\/strong>DIPARTIMENTO DI LINGUE, LETTERATURE E CULTURE STRANIERE<\/p>\n<p><strong>INSTITUTO GUIMAR\u00c3ES ROSA ROMA<br \/><\/strong>EMBAIXADA DO BRASIL<strong><br \/><\/strong><\/p>\n<p><strong>Roma, 5 de maio de 2023<\/strong><\/p>\n<p><strong>Comit\u00ea Organizador<\/strong><\/p>\n<p>Gian Luigi De Rosa<br \/>Giorgio de Marchis<br \/>Luigia De Crescenzo<br \/>Filipa Matos<\/p>\n<p><strong>Equipe T\u00e9cnica<\/strong><\/p>\n<p>Daniela Dal Pozzo<br \/>Martina Desantis<br \/>Silvia Inserra<\/p>\n<p>info:\u00a0<a href=\"mailto:clp.camoes@uniroma3.it\">clp.camoes@uniroma3.it<\/a><br \/><a href=\"https:\/\/portoghese.uniroma3.it\/clplanciani\">https:\/\/portoghese.uniroma3.it\/clplanciani<\/a><\/p>\n<p>Programma<\/p>\n<p><strong>Sala Ignazio Ambrogio<\/strong><br \/><strong>Dipartimento di Lingue, Letterature e Culture Straniere<\/strong><br \/><b>Universit\u00e0 Roma Tre<\/b><br \/>Via del Valco di San Paolo, 19<\/p>\n<p><strong>Abertura<\/strong><br \/>9h30<br \/><strong>Mesa Institucional<br \/><\/strong>Giorgio de Marchis (Direttore del Dipartimento di Lingue, Letterature e Culture Straniere)<br \/>Sara Bator\u00e9o Crespo, Ministra Conselheira (Embaixada de Portugal)<br \/>Anabela Miala, Conselheira (Embaixada de Angola)<\/p>\n<p>10h<br \/><strong>Confer\u00eancia de Abertura<br \/><\/strong>Carlos Alberto Faraco (Universidade Federal do Paran\u00e1)<br \/><em>O Portugu\u00eas no contexto pol\u00edtico das grandes l\u00ednguas internacionais<br \/><\/em>Chair: Gian Luigi De Rosa<\/p>\n<p>11h-12h20<br \/><strong>Sess\u00e3o de Comunica\u00e7\u00f5es:<\/strong>\u00a0<em>Aprendizagem do Portugu\u00eas L\u00edngua Estrangeira (1)<\/em><\/p>\n<ul>\n<li>Filipa Matos (Universit\u00e0 Roma Tre)<br \/><em>(Des)constru\u00e7\u00e3o de textos redigidos em PLE com base em tarefas<\/em><\/li>\n<li>Francesco Morleo (Universit\u00e0 di Napoli \u201cL\u2019Orientale\u201d)<br \/><em>TAV e ensino do PLE<\/em><\/li>\n<li>Daniela Dal Pozzo (Universidade de Caxias do Sul)<br \/><em>As preposi\u00e7\u00f5es na aprendizagem do portugu\u00eas por estrangeiros<\/em><\/li>\n<li>L\u00edgia Rospantini (Sprachschule Aktiv, M\u00fcnchen)<br \/><em>O saber fazer, o saber falar e o saber ser no contexto de aprendizagem de l\u00ednguas<\/em><\/li>\n<\/ul>\n<p>Chair: Luigia De Crescenzo<\/p>\n<p>12h20-12h30<br \/><strong>Debate<\/strong><\/p>\n<p>12h30<br \/><b>Apresenta\u00e7\u00e3o do Projeto editorial: <\/b><i>Salvador Pippa,\u00a0\u201cInterpretare, tradurre, comunicare: l\u2019interpretazione e la traduzione dal portoghese all\u2019italiano\u201d, EUT, Trieste, 2023.<\/i><br \/>Gian Luigi De Rosa, Vanessa Ribeiro Castagna e Carla Valeria de Souza Faria<\/p>\n<p>13<br \/><strong>Almo\u00e7o<\/strong><\/p>\n<p><strong>Instituto Guimar\u00e3es Rosa Roma<br \/>Auditorium Glauber Rocha<\/strong><\/p>\n<p>15h30<br \/><strong>Sess\u00e3o\u00a0<em>Discurso acad\u00eamico e gram\u00e1tica<\/em><\/strong><\/p>\n<ul>\n<li>15h30<br \/>Carlos Alberto Faraco (Universidade Federal do Paran\u00e1)<br \/><em>Problemas e perspectivas para uma nova gram\u00e1tica brasileira<\/em><\/li>\n<li>16h10<br \/>Gian Luigi De Rosa (Universit\u00e0 Roma Tre)<br \/><em>O PB neo-standard no Discurso Especializado web-mediated<\/em><\/li>\n<li>16h40<br \/>Roberto Mulinacci (Universit\u00e0 di Bologna)<br \/><em>Em busca de uma gram\u00e1tica pluric\u00eantrica do portugu\u00eas? Desafios e problemas<\/em><\/li>\n<\/ul>\n<p>Chair: Vanessa Ribeiro Castagna<\/p>\n<p>17h10-17h30<br \/><strong>Debate<\/strong><\/p>\n<p>17h30<br \/><strong>Sess\u00e3o de Comunica\u00e7\u00f5es:<\/strong>\u00a0<em>Aprendizagem do Portugu\u00eas L\u00edngua Estrangeira (2)<\/em><\/p>\n<ul>\n<li>17h30<br \/>Vanessa Ribeiro Castagna (Universit\u00e0 di Venezia (Ca\u2019 Foscari)<br \/><em>Consci\u00eancia metalingu\u00edstica em PLE: achados e perdidos na tradu\u00e7\u00e3o<\/em><\/li>\n<li>17h50<br \/>Carla Valeria de Souza Faria (Universit\u00e0 di Trieste)<br \/><em>An\u00e1lise de erros em reda\u00e7\u00f5es em aprendizes ital\u00f3fonos de PLE<\/em><\/li>\n<\/ul>\n<p>Chair: Roberto Mulinacci<\/p>\n<p>18h10-18h30<br \/><strong>Debate<\/strong><\/p>\t\t\n\t\t\t<h6>ENTRE NORMA PRESCRITIVA E C\u00c2NONE LITER\u00c1RIO\n<\/h6>\t\t\n\t\t\t<h1>CONGRESSO INTERNACIONAL<\/h1>\t\t\n\t\t<h5 style=\"text-align: right\">ROMA,\u00a011-12 DE OUTUBRO DE 2022<\/h5>\t\t\n\t\t\t\t\t\t\t\t\t\t\t\t\t<img loading=\"lazy\" decoding=\"async\" width=\"768\" height=\"1086\" src=\"https:\/\/portoghese.uniroma3.it\/clplanciani\/wp-content\/uploads\/sites\/4\/2022\/07\/Congresso-Entre-Norma-e-Ca\u0302none-Roma-outubro-de-2022-768x1086.jpg\" alt=\"\" \/>\t\t\t\t\t\t\t\t\t\t\t\t\t\n\t\t\t\t\t\t\t\t\t\t\t\t\t<img loading=\"lazy\" decoding=\"async\" width=\"1024\" height=\"791\" src=\"https:\/\/portoghese.uniroma3.it\/clplanciani\/wp-content\/uploads\/sites\/4\/2022\/07\/1-1024x791.jpg\" alt=\"\" \/>\t\t\t\t\t\t\t\t\t\t\t\t\t\n\t\t\t\t\t\t\t\t\t\t\t\t\t<img loading=\"lazy\" decoding=\"async\" width=\"1024\" height=\"792\" src=\"https:\/\/portoghese.uniroma3.it\/clplanciani\/wp-content\/uploads\/sites\/4\/2022\/07\/2-1024x792.jpg\" alt=\"\" \/>\t\t\t\t\t\t\t\t\t\t\t\t\t\n\t\t<h5 style=\"text-align: center\">CONGRESSO INTERNACIONAL<\/h5><h3 style=\"text-align: center\"><strong>ENTRE NORMA PRESCRITIVA\u00a0E C\u00c2NONE LITER\u00c1RIO<\/strong><\/h3><h4 style=\"text-align: center\">(A SEMANA DE ARTE MODERNA CEM ANOS DEPOIS)<\/h4><h5 style=\"text-align: center\">ROMA,11-12 DE OUTUBRO DE 2022<\/h5><h5 style=\"text-align: center\">\u00a0<\/h5><h4 style=\"text-align: center\"><strong>COMIT\u00ca ORGANIZADOR<\/strong><br \/><\/h4><h5 style=\"text-align: center\">GIAN LUIGI DE ROSA<br \/>LUIGIA DE CRESCENZO<br \/>GIORGIO DE MARCHIS<br \/><br \/><\/h5><h4 style=\"text-align: center\"><b>EQUIPE T\u00c9CNICA<\/b><\/h4><h5 style=\"text-align: center\">MARTINA DESANTIS<br \/>SILVIA INSERRA<\/h5><h5 style=\"text-align: center\">info: clp.camoes@uniroma3.it<br \/>https:\/\/portoghese.uniroma3.it\/clplanciani\/<\/h5><h2 style=\"text-align: center\">PROGRAMMA<\/h2><h5 style=\"text-align: center\">\u00a0<\/h5><h4 style=\"text-align: center\"><strong>11 de outubro de 2022<\/strong><\/h4><h5 style=\"text-align: center\"><br \/>Sala Ignazio Ambrogio<\/h5><h5 style=\"text-align: center\">Dipartimento di Lingue, Letterature e Culture Straniere<\/h5><h5 style=\"text-align: center\">Universit\u00e0 RomaTre<\/h5><h5 style=\"text-align: center\">Via del Valco di San Paolo, 19<\/h5><h5>\u00a0<\/h5><h5>\u00a0<\/h5><h5>09h30-09h49\u00a0<strong>Mesa Institucional<\/strong><\/h5><h5>09h40-10h00 &#8211;\u00a0<strong>Boas-vindas<\/strong><br \/><strong>Giorgio de Marchis, Gian Luigi De Rosa e Luigia De Crescenzo<\/strong><\/h5><h5>10h00-11h00\u00a0<strong>Confer\u00eancia<\/strong><br \/><strong>Ettore Finazzi Agr\u00f2<br \/><em>M\u00e1rio nas cidades. Repensando o modernismo paulista a partir do desterro carioca<br \/><\/em>Chair: Giorgio de Marchis<\/strong><\/h5><h5>11h00-11h15\u00a0<strong>Perguntas<\/strong><\/h5><h5>11h15-11h45<br \/><strong>Vanessa Castagna<br \/><em>Tradu\u00e7\u00f5es italianas do Primeiro Modernismo:\u00a0quest\u00f5es de c\u00e2none<\/em><\/strong><\/h5><h5>11h45-12h15<br \/><strong>Vincenzo Arsillo<br \/><em>Il modernismo del nostro scontento: cronaca e metamorfosi di un\u2019idea<\/em><\/strong><\/h5><h5>12h15-12h35<br \/><strong>Alessia Di Eugenio<br \/><em>Antropofagia hoje: heran\u00e7as\u00a0e (re)apropria\u00e7\u00f5es decoloniais<br \/><\/em>Chair: Monica Lupetti<\/strong><\/h5><h5>12h35-13h00\u00a0<strong>Perguntas<\/strong><\/h5><h5>13h00-15h00\u00a0<strong>Almo\u00e7o<\/strong><\/h5><h5>15h00-16h00<strong> Confer\u00eancia<br \/><\/strong><strong>Jos\u00e9 Carlos de Azeredo<br \/><em>O legado modernista e\u00a0a gramaticografia brasileira contempor\u00e2nea<br \/><\/em>Chair: Carolina Ribeiro Serra<\/strong><\/h5><h5>16h00-16h15\u00a0<strong>Perguntas<\/strong><\/h5><h5>16h15-16h45<br \/><strong>Maria Caterina Pincherle<br \/><em>Antropofagia ieri e oggi: l\u2019espansione del canone<\/em><\/strong><\/h5><h5>16h45-17h15<br \/><strong>Monica Lupetti<br \/><em>Tra adesione e rottura del canone: la riflessione metalinguistica in Brasile in epoca modernista<\/em><\/strong><\/h5><h5>17h15-17h45<br \/><strong>Francesca Degli Atti<br \/><em>Tradi\u00e7\u00e3o, subvers\u00e3o e c\u00e2none em Manoel de Barros<br \/><\/em>Chair: Vincenzo Arsillo<\/strong><\/h5><h5>17h45-18h10\u00a0<strong>Perguntas<\/strong><\/h5><h4 style=\"text-align: center\"><strong><br \/><\/strong><strong>12 de outubro de 2022<\/strong><\/h4><h5 style=\"text-align: center\">Auditorium<\/h5><h5 style=\"text-align: center\">Instituto Guimar\u00e3es Rosa em Roma<\/h5><h5 style=\"text-align: center\">Embaixada do Brasil<\/h5><h5 style=\"text-align: center\">Piazza Navona<\/h5><h5>\u00a0<\/h5><h5>10h00-10h10\u00a0Mesa Institucional<\/h5><h5>10h10-11h10\u00a0<strong>Confer\u00eancia<\/strong><br \/><strong>Bethania Mariani<br \/><em>Formas de significar: a Semana de Arte Moderna nos manuais e livros did\u00e1ticos de literatura<br \/><\/em>Chair: Gian Luigi De Rosa<\/strong><\/h5><h5>11h10-11h25\u00a0<strong>Perguntas<\/strong><\/h5><h5>11h25-12h25<br \/><strong>Carolina Ribeiro Serra &amp; Gian Luigi De Rosa<br \/><em>O embate entre l\u00edngua oficial e l\u00edngua nacional: a sociedade, a literatura e a \u201cGramatiquinha da fala brasileira\u201d<br \/><\/em>Chair: Roberto Mulinacci<\/strong><\/h5><h5>12h25-12h45\u00a0<strong>Perguntas<\/strong><\/h5><h5>13h00-15h00\u00a0<strong>Almo\u00e7o<\/strong><\/h5><h5>15h00-15h30<br \/><strong>Roberto Mulinacci<br \/><\/strong><strong><em>A Semana de Arte Moderna da literatura\u00a0para a lingu\u00edstica, ida e volta<\/em><\/strong><br \/><br \/>15h30-16h00<br \/><strong>Katia de Abreu Chulata<br \/><\/strong><strong><em>Desconstru\u00e7\u00e3o do Brasil:\u00a0da Antropofagia at\u00e9 \u201cGeleia Geral\u201d<\/em><br \/><em>Chair: Vanessa Castagna<\/em><br \/><\/strong><br \/>16h00-16h20\u00a0<strong>Perguntas<\/strong><br \/><br \/>16h20-17h20\u00a0<strong>Confer\u00eancia<br \/><\/strong><strong>Jos\u00e9 Lu\u00eds Jobim<br \/><\/strong><strong><em>A l\u00edngua como uma quest\u00e3o liter\u00e1ria\u00a0no modernismo brasileiro<\/em><\/strong><br \/><strong>Chair: Luigia De Crescenzo<\/strong><br \/><br \/>17h20-17h40\u00a0<strong>Perguntas<\/strong><br \/><br \/>17h40\u00a0<strong>Encerramento<\/strong><\/h5>\t\t\n\t\t<p><\/p>\n<h2 class=\"wp-block-heading\" style=\"text-align: center\">O Ensino do Portugu\u00eas Brasileiro na Universidade Italiana<\/h2>\n<h3><img loading=\"lazy\" decoding=\"async\" src=\"https:\/\/portoghese.uniroma3.it\/clplanciani\/wp-content\/uploads\/sites\/4\/2021\/11\/O-ensino-do-pb-na-universidade-italiana-1.jpg\" alt=\"\" width=\"317\" height=\"448\" \/><\/h3>\n<p><\/p>\n<p><\/p>\n<p><\/p>\t\t\n\t\t<p><\/p>\n<h2 class=\"wp-block-heading\" style=\"text-align: center\">Dia Mundial da L\u00edngua Portuguesa 2021 e Inaugurazione CLP-Cam\u00f5es<\/h2>\n<figure><img loading=\"lazy\" decoding=\"async\" src=\"https:\/\/portoghese.uniroma3.it\/clplanciani\/wp-content\/uploads\/sites\/4\/2021\/05\/Inaugurazione-CLP-Roma-Tre-Press-1024x1024.png\" alt=\"\" width=\"324\" height=\"324\" \/><\/figure>\n<p><\/p>\n<p><\/p>\n<p><\/p>\t\t\n\t\t<p><\/p>\n<h2 class=\"wp-block-heading\" style=\"text-align: center\">Ciclo di conferenze<br \/>&#8220;Entre gram\u00e1tica e discurso&#8221;<\/h2>\n<p><\/p>\n<p><\/p>\n<p><\/p>\n<p><\/p>\n<figure><img loading=\"lazy\" decoding=\"async\" src=\"https:\/\/portoghese.uniroma3.it\/clplanciani\/wp-content\/uploads\/sites\/4\/2021\/06\/CLP-CICLO-DI-CONFERENZE.jpg\" alt=\"\" width=\"331\" height=\"468\" \/><\/figure>\n<p><\/p>\n<p><\/p>\n<p><\/p>","protected":false},"excerpt":{"rendered":"<p>\/*! elementor &#8211; v3.20.0 &#8211; 10-04-2024 *\/ .elementor-widget-image{text-align:center}.elementor-widget-image a{display:inline-block}.elementor-widget-image a img[src$=&#8221;.svg&#8221;]{width:48px}.elementor-widget-image img{vertical-align:middle;display:inline-block} \/*! elementor &#8211; v3.20.0 &#8211; 10-04-2024 *\/ .elementor-heading-title{padding:0;margin:0;line-height:1}.elementor-widget-heading .elementor-heading-title[class*=elementor-size-]&gt;a{color:inherit;font-size:inherit;line-height:inherit}.elementor-widget-heading .elementor-heading-title.elementor-size-small{font-size:15px}.elementor-widget-heading .elementor-heading-title.elementor-size-medium{font-size:19px}.elementor-widget-heading .elementor-heading-title.elementor-size-large{font-size:29px}.elementor-widget-heading .elementor-heading-title.elementor-size-xl{font-size:39px}.elementor-widget-heading .elementor-heading-title.elementor-size-xxl{font-size:59px} Dia Mundial da L\u00edngua Portuguesa 2024 III Congresso Internacional UNIVERSIT\u00c0 DEGLI STUDI ROMA TREDIPARTIMENTO DI LINGUE, LETTERATURE E CULTURE STRANIEREVIA DEL VALCO DI SAN PAOLO 19 &#8211; ROMA INSTITUTO&nbsp;&#8230;<\/p>\n","protected":false},"author":2,"featured_media":0,"parent":1491,"menu_order":0,"comment_status":"closed","ping_status":"closed","template":"","meta":{"footnotes":""},"class_list":["post-67","page","type-page","status-publish","hentry"],"_links":{"self":[{"href":"https:\/\/portoghese.uniroma3.it\/clplanciani\/wp-json\/wp\/v2\/pages\/67","targetHints":{"allow":["GET"]}}],"collection":[{"href":"https:\/\/portoghese.uniroma3.it\/clplanciani\/wp-json\/wp\/v2\/pages"}],"about":[{"href":"https:\/\/portoghese.uniroma3.it\/clplanciani\/wp-json\/wp\/v2\/types\/page"}],"author":[{"embeddable":true,"href":"https:\/\/portoghese.uniroma3.it\/clplanciani\/wp-json\/wp\/v2\/users\/2"}],"replies":[{"embeddable":true,"href":"https:\/\/portoghese.uniroma3.it\/clplanciani\/wp-json\/wp\/v2\/comments?post=67"}],"version-history":[{"count":66,"href":"https:\/\/portoghese.uniroma3.it\/clplanciani\/wp-json\/wp\/v2\/pages\/67\/revisions"}],"predecessor-version":[{"id":2240,"href":"https:\/\/portoghese.uniroma3.it\/clplanciani\/wp-json\/wp\/v2\/pages\/67\/revisions\/2240"}],"up":[{"embeddable":true,"href":"https:\/\/portoghese.uniroma3.it\/clplanciani\/wp-json\/wp\/v2\/pages\/1491"}],"wp:attachment":[{"href":"https:\/\/portoghese.uniroma3.it\/clplanciani\/wp-json\/wp\/v2\/media?parent=67"}],"curies":[{"name":"wp","href":"https:\/\/api.w.org\/{rel}","templated":true}]}}