{"id":68,"date":"2021-02-10T12:12:39","date_gmt":"2021-02-10T11:12:39","guid":{"rendered":"https:\/\/portoghese.uniroma3.it\/catedrasaramago\/?page_id=68"},"modified":"2025-01-28T09:27:25","modified_gmt":"2025-01-28T08:27:25","slug":"lape","status":"publish","type":"page","link":"https:\/\/portoghese.uniroma3.it\/clplanciani\/lape\/","title":{"rendered":"Lape"},"content":{"rendered":"<h1>Certificazioni CAPLE<\/h1>\n<h3>dell\u2019Universit\u00e0 di Lisbona nel LAPE ROMA TRE<br \/>\n<br \/>del Centro di Lingua Portoghese a Roma Tre<\/h3>\n<p>\t\t\t\t\t\t\t\t\t\t\t\t\t\t\t<img loading=\"lazy\" decoding=\"async\" width=\"1024\" height=\"1024\" src=\"https:\/\/portoghese.uniroma3.it\/clplanciani\/wp-content\/uploads\/sites\/4\/2025\/01\/WhatsApp-Image-2025-01-25-at-15.14.28-1024x1024.jpeg\" alt=\"\" \/>\t\t\t\t\t\t\t\t\t\t\t\t\t\t\t<\/p>\n<p><b>Ma che cos\u2019\u00e8 il CAPLE?\u00a0<\/b><\/p>\n<p>\u00c8 Il CENTRO DE AVALIA\u00c7\u00c3O E CERTIFICA\u00c7\u00c3O DE PORTUGUESE L\u00cdNGUA ESTRANGEIRA (CAPLE) che \u00e8 un&#8217;unit\u00e0 della Facolt\u00e0 di Lettere dell&#8217;Universit\u00e0 di Lisbona. Il <strong>CAPLE<\/strong> \u00e8 l&#8217;unico ente portoghese che valuta e certifica le competenze scritte e orali in portoghese come lingua straniera (<strong>PLE<\/strong>) per diversi scopi: studi, accesso alla carriera accademica, lavoro in diversi campi di attivit\u00e0, acquisizione della cittadinanza portoghese, ecc. La certificazione del CAPLE costituisce, quindi,\u00a0un servizio alla comunit\u00e0 in generale, contribuendo alla mobilit\u00e0 dei cittadini e al loro inserimento sociale in un mondo globalizzato.\u00a0<\/p>\n<p>Il <strong>CLP\u00a0\u00a0Giulia Lanciani<\/strong> (Roma Tre) sar\u00e0 dunque un <strong>LAPE<\/strong> (Local para Aplica\u00e7\u00e3o e Promo\u00e7\u00e3o de Exames de Portugu\u00eas L\u00edngua Estrangeira) ovvero sede di esame di PLE\u00a0<\/p>\n<p>Gli esami <strong>CAPLE<\/strong> valutano le competenze descritte nel Quadro Comune Europeo di Riferimento per le Lingue (CEFR), nei suoi sei livelli (da A1 a C2) e sono rivolti ai cittadini stranieri. Nella sua versione standard, sono destinati ai candidati dai 16 anni in su. Gli Esami di Portoghese come Lingua Straniera svolti presso il LAPE sono realizzati e valutati dal Centro di Valutazione e Certificazione di Portoghese come Lingua Straniera (CAPLE). Anche la consegna dei certificati e dei diplomi \u00e8 responsabilit\u00e0 del CAPLE.\u00a0<\/p>\n<p><b>Iscrizione all\u2019esame\u00a0<\/b><\/p>\n<p>Gli esami di <strong>PLE<\/strong> del <strong>CAPLE<\/strong> possono essere sostenuti da persone la cui lingua madre non \u00e8 il portoghese e che desiderano attestare, per scopi educativi, professionali o altro, la loro competenza in portoghese, nei termini riconosciuti da ogni certificato o diploma.\u00a0<\/p>\n<p>I candidati possono iscriversi se si considerano preparati a sostenere l&#8217;esame scelto, indipendentemente da come e dove hanno acquisito il <strong>PLE<\/strong>.\u00a0<\/p>\n<p>Il costo di ciascun esame comprende il pagamento dell&#8217;esame stesso e la tassa di iscrizione. \u00a0<\/p>\n<ul>\n<li>A2 CIPLE Certificado de Portugu\u00eas L\u00edngua Estrangeira \u2013 Livello Basico 72,00\u20ac\u00a0<\/li>\n<li>B1 DEPLE Diploma de Portugu\u00eas L\u00edngua Estrangeira \u2013 Livello Elementare 92,00\u20ac\u00a0<\/li>\n<li>B2 DIPLE Diploma de Portugu\u00eas L\u00edngua Estrangeira \u2013 Livello Intermedio 112,00\u20ac\u00a0<\/li>\n<li>C1 DAPLE Diploma de Portugu\u00eas L\u00edngua Estrangeira \u2013 Livello Avanzato 127,00\u20ac\u00a0<\/li>\n<li>C2 DUPLE Diploma de Portugu\u00eas L\u00edngua Estrangeira \u2013 Livello Universitario 142,00\u20ac\u00a0<\/li>\n<\/ul>\n<p>L&#8217;importo deve pervenire interamente alla Facolt\u00e0 di Lettere dell&#8217;Universit\u00e0 di Lisbona. \u00a0<\/p>\n<p>Il pagamento della tassa pu\u00f2 essere effettuato tramite bancomat\/homebanking o carta di credito.\u00a0\u00a0\u00a0<\/p>\n<p><b>Come iscriversi ad un Esame\u00a0<\/b><\/p>\n<p>Ogni candidato pu\u00f2 iscriversi ad un solo esame per ogni sessione.\u00a0<\/p>\n<p>Le sessioni di esame si svolgeranno due\/tre volte all&#8217;anno, nei mesi di maggio (luglio) e novembre. \u00a0<\/p>\n<p>L&#8217;iscrizione ad un esame offerto dal LAPE si svolge in due fasi:\u00a0<\/p>\n<p><strong>1\u00aa fase:<\/strong> Il candidato deve iscriversi online attraverso la pagina CAPLE, e pagare la rispettiva quota; ricever\u00e0, in seguito, un codice che gli permetter\u00e0 di accedere al risultato ottenuto, una volta svolto l&#8217;esame.\u00a0<\/p>\n<p><strong>2\u00aa Fase:<\/strong> Il candidato deve consegnare, presso il LAPE, i seguenti documenti:\u00a0<\/p>\n<p>&#8211; Fotocopia di un documento di identit\u00e0 (Carta di Identit\u00e0 o passaporto).\u00a0<\/p>\n<p>Questo documento deve essere consegnato presso il LAPE, di persona, o inviato per e-mail.\u00a0<\/p>\n<p><b>Pubblicazione dei risultati e informazioni su come ottenere i Certificati o i Diplomi\u00a0<\/b><\/p>\n<p>I risultati degli esami saranno pubblicati nella pagina del CAPLE entro 20 giorni lavorativi da quando il CAPLE avr\u00e0 ricevuto gli esami. Per accedere al risultato ottenuto, il candidato dovr\u00e0 usare il codice ricevuto a seguito della conferma della sua iscrizione.\u00a0<\/p>\n<p>I certificati o diplomi saranno disponibili presso il LAPE entro 15-20 giorni lavorativi a partire dalla data di pubblicazione dei risultati. I certificati saranno consegnati personalmente o inviati al candidato tramite posta. Se il candidato sceglie questa seconda opzione, deve comunicare, il giorno dell\u2019esame, il proprio nome completo e l\u2019indirizzo postale.\u00a0<\/p>\n<p>\t\t\t\t\t<a href=\"\/clplanciani\/lape\/exames\/\"><\/p>\n<p>\t\t\t\t\t\t\t\t\tExames \/ Esami<br \/>\n\t\t\t\t\t<\/a><\/p>\n<details id=\"e-n-accordion-item-3460\">\n<summary data-accordion-index=\"1\" aria-expanded=\"false\" aria-controls=\"e-n-accordion-item-3460\">\n\t\t\t\t\t CAPLE 2024 <\/p>\n<\/summary>\n<p>\t\t\t\t\t\t\t\t\t\t\t\t\t\t\t<img loading=\"lazy\" decoding=\"async\" width=\"1024\" height=\"1024\" src=\"https:\/\/portoghese.uniroma3.it\/clplanciani\/wp-content\/uploads\/sites\/4\/2024\/03\/62095B8A-5867-43A5-91C3-F0E690C58163-1024x1024.png\" alt=\"\" \/><br \/>\n\t\t\t\t\t<\/details>\n<details id=\"e-n-accordion-item-3461\">\n<summary data-accordion-index=\"2\" aria-expanded=\"false\" aria-controls=\"e-n-accordion-item-3461\">\n\t\t\t\t\t CAPLE 2023 <\/p>\n<\/summary>\n<p>\t\t\t\t\t\t\t\t\t\t\t\t\t\t\t<img loading=\"lazy\" decoding=\"async\" width=\"724\" height=\"1024\" src=\"https:\/\/portoghese.uniroma3.it\/clplanciani\/wp-content\/uploads\/sites\/4\/2023\/03\/Imagem-do-WhatsApp-de-2023-02-06-as-20.55.28-724x1024.jpg\" alt=\"\" \/><br \/>\n\t\t\t\t\t<\/details>\n<p>\t\t\t\t\t\t\t\t\t\t\t\t\t\t\t<img loading=\"lazy\" decoding=\"async\" width=\"1024\" height=\"1024\" src=\"https:\/\/portoghese.uniroma3.it\/clplanciani\/wp-content\/uploads\/sites\/4\/2024\/03\/62095B8A-5867-43A5-91C3-F0E690C58163-1024x1024.png\" alt=\"\" \/><br \/>\n\t\t\t\t\t\t\t\t\t\t\t\t\t\t\t<img loading=\"lazy\" decoding=\"async\" width=\"724\" height=\"1024\" src=\"https:\/\/portoghese.uniroma3.it\/clplanciani\/wp-content\/uploads\/sites\/4\/2023\/03\/Imagem-do-WhatsApp-de-2023-02-06-as-20.55.28-724x1024.jpg\" alt=\"\" \/><\/p>\n","protected":false},"excerpt":{"rendered":"<p>Certificazioni CAPLE dell\u2019Universit\u00e0 di Lisbona nel LAPE ROMA TRE del Centro di Lingua Portoghese a Roma Tre Ma che cos\u2019\u00e8 il CAPLE?\u00a0 \u00c8 Il CENTRO DE AVALIA\u00c7\u00c3O E CERTIFICA\u00c7\u00c3O DE PORTUGUESE L\u00cdNGUA ESTRANGEIRA (CAPLE) che \u00e8 un&#8217;unit\u00e0 della Facolt\u00e0 di Lettere dell&#8217;Universit\u00e0 di Lisbona. Il CAPLE \u00e8 l&#8217;unico ente portoghese che valuta e certifica le&nbsp;&#8230;<\/p>\n","protected":false},"author":2,"featured_media":0,"parent":0,"menu_order":0,"comment_status":"closed","ping_status":"closed","template":"","meta":{"footnotes":""},"class_list":["post-68","page","type-page","status-publish","hentry"],"_links":{"self":[{"href":"https:\/\/portoghese.uniroma3.it\/clplanciani\/wp-json\/wp\/v2\/pages\/68","targetHints":{"allow":["GET"]}}],"collection":[{"href":"https:\/\/portoghese.uniroma3.it\/clplanciani\/wp-json\/wp\/v2\/pages"}],"about":[{"href":"https:\/\/portoghese.uniroma3.it\/clplanciani\/wp-json\/wp\/v2\/types\/page"}],"author":[{"embeddable":true,"href":"https:\/\/portoghese.uniroma3.it\/clplanciani\/wp-json\/wp\/v2\/users\/2"}],"replies":[{"embeddable":true,"href":"https:\/\/portoghese.uniroma3.it\/clplanciani\/wp-json\/wp\/v2\/comments?post=68"}],"version-history":[{"count":86,"href":"https:\/\/portoghese.uniroma3.it\/clplanciani\/wp-json\/wp\/v2\/pages\/68\/revisions"}],"predecessor-version":[{"id":2118,"href":"https:\/\/portoghese.uniroma3.it\/clplanciani\/wp-json\/wp\/v2\/pages\/68\/revisions\/2118"}],"wp:attachment":[{"href":"https:\/\/portoghese.uniroma3.it\/clplanciani\/wp-json\/wp\/v2\/media?parent=68"}],"curies":[{"name":"wp","href":"https:\/\/api.w.org\/{rel}","templated":true}]}}